{"id":175,"date":"2016-08-05T11:07:47","date_gmt":"2016-08-05T11:07:47","guid":{"rendered":"https:\/\/www.huellatiendadeartes.com\/?page_id=175"},"modified":"2024-02-29T12:24:13","modified_gmt":"2024-02-29T12:24:13","slug":"our-services","status":"publish","type":"page","link":"http:\/\/www.huellatiendadeartes.com\/index.php\/our-services\/","title":{"rendered":"Artesanos\/as"},"content":{"rendered":"<div class=\"wpb-content-wrapper\"><p>[vc_row][vc_column]<div id=\"sc_services_466116582_wrap\" class=\"sc_services_wrap\"><div id=\"sc_services_466116582\" class=\"sc_services sc_services_style_services-1 sc_services_type_images  margin_top_large margin_bottom_large aligncenter\" style=\"width:100%;\"><h6 class=\"sc_services_subtitle sc_item_subtitle\"><span class=\"line-left\"><\/span>Artesanos\/as de Huella tienda de artes<span class=\"line-right\"><\/span><\/h6><div class=\"sc_item_subtitle_icon icon-divider\"><\/div><h2 class=\"sc_services_title sc_item_title sc_item_title_with_descr\">Artistas<\/h2><div class=\"sc_services_descr sc_item_descr\">En \u00e9ste espacio vamos a presentar todos los proyectos que est\u00e1n actualmente en Huella Tienda de Artes. Encontrando varias disciplinas art\u00edsticas, todas de manufactura y locales.<\/div><div class=\"sc_columns columns_wrap\"><div class=\"column-1_3 column_padding_bottom\">\t\t\t<div id=\"sc_services_466116582_1\"\t\t\t\tclass=\"sc_services_item sc_services_item_1 odd first\"\n\t\t\t\t>\n\t\t\t\t\t\t\t\t\t<div class=\"sc_services_item_featured post_featured\">\n\t\t\t\t\t\t\t<div class=\"post_thumb\" data-image=\"http:\/\/www.huellatiendadeartes.com\/wp-content\/uploads\/2024\/02\/raku6.jpg\" data-title=\"Huella cer\u00e1mica\">\n\t<a class=\"hover_icon hover_icon_link\" href=\"http:\/\/www.huellatiendadeartes.com\/index.php\/services\/huella\/\"><img loading=\"lazy\" decoding=\"async\" class=\"wp-post-image\" width=\"370\" height=\"209\" alt=\"Huella cer\u00e1mica\" src=\"http:\/\/www.huellatiendadeartes.com\/wp-content\/uploads\/2024\/02\/raku6-370x209.jpg\"><\/a>\t<\/div>\n\t\t\t\t\t\t<\/div>\n\t\t\t\t\t\t\t\t\t<div class=\"sc_services_item_content\">\n\t\t\t\t\t<h3 class=\"sc_services_item_title\"><a href=\"http:\/\/www.huellatiendadeartes.com\/index.php\/services\/huella\/\">Huella cer\u00e1mica<\/a><\/h3>\n\t\t\t\t\t<div class=\"sc_services_item_description\">\n\t\t\t\t\t\t<div class=\"icon-divider\"><\/div><p>La inspiraci\u00f3n de las creaciones parten de la propia naturaleza, de las formas org\u00e1nicas y sencillas, pretendiendo un dise\u00f1o que deje libertad a...<\/p>\t\t\t\t\t<\/div>\n\t\t\t\t<\/div>\n\t\t\t<\/div>\n\t\t<\/div><div class=\"column-1_3 column_padding_bottom\">\t\t\t<div id=\"sc_services_466116582_2\"\t\t\t\tclass=\"sc_services_item sc_services_item_2 even\"\n\t\t\t\t>\n\t\t\t\t\t\t\t\t\t<div class=\"sc_services_item_featured post_featured\">\n\t\t\t\t\t\t\t<div class=\"post_thumb\" data-image=\"http:\/\/www.huellatiendadeartes.com\/wp-content\/uploads\/2016\/08\/Capturathe_magic_garden.png\" data-title=\"The Magic Garden\">\n\t<a class=\"hover_icon hover_icon_link\" href=\"http:\/\/www.huellatiendadeartes.com\/index.php\/services\/the-magic-garden\/\"><img loading=\"lazy\" decoding=\"async\" class=\"wp-post-image\" width=\"370\" height=\"209\" alt=\"The Magic Garden\" src=\"http:\/\/www.huellatiendadeartes.com\/wp-content\/uploads\/2016\/08\/Capturathe_magic_garden-370x209.png\"><\/a>\t<\/div>\n\t\t\t\t\t\t<\/div>\n\t\t\t\t\t\t\t\t\t<div class=\"sc_services_item_content\">\n\t\t\t\t\t<h3 class=\"sc_services_item_title\"><a href=\"http:\/\/www.huellatiendadeartes.com\/index.php\/services\/the-magic-garden\/\">The Magic Garden<\/a><\/h3>\n\t\t\t\t\t<div class=\"sc_services_item_description\">\n\t\t\t\t\t\t<div class=\"icon-divider\"><\/div><p>La marca The Magic Garden, surge, como una manera de poder inmortalizar sus creaciones, elaboradas mediante la t\u00e9cnica de la arena<\/p>\t\t\t\t\t<\/div>\n\t\t\t\t<\/div>\n\t\t\t<\/div>\n\t\t<\/div><\/div><\/div><!-- \/.sc_services --><\/div><!-- \/.sc_services_wrap -->[\/vc_column][\/vc_row][vc_row full_width=&#8221;stretch_row&#8221; inverse=&#8221;yes&#8221; css=&#8221;.vc_custom_1472051284817{padding-top: 4.9rem !important;padding-bottom: 6.2rem !important;background-color: #766055 !important;}&#8221; el_class=&#8221;main_bg3&#8243;][vc_column]<div class=\"sc_section sc_section_block margin_top_null margin_bottom_null aligncenter\"><div class=\"sc_section_inner\"><div class=\"sc_section_content_wrap\"><h4 class=\"sc_title sc_title_regular margin_top_null margin_bottom_small\" style=\"color:#ffffff;font-size:2.357rem;\">Get in Touch with Us<\/h4><div class=\"sc_socials sc_socials_type_icons sc_socials_shape_square sc_socials_size_small\"><div class=\"sc_socials_item\"><a href=\"https:\/\/www.facebook.com\/profile.php?id=100064713487815\" target=\"_blank\" class=\"social_icons social_facebook\"><span class=\"icon-facebook\"><\/span><\/a><\/div><div class=\"sc_socials_item\"><a href=\"https:\/\/www.instagram.com\/huella.tienda.de.artes\/\" target=\"_blank\" class=\"social_icons social_instagramm\"><span class=\"icon-instagramm\"><\/span><\/a><\/div><div class=\"sc_socials_item\"><a href=\"https:\/\/www.google.com\/search?q=HUELLA+Tienda+de+Artes&#038;stick=H4sIAAAAAAAA_-NgU1IxqEgxSEk2TzS2SE42NbcwSLEyqDA1NEkxMLJINUo0TjM2TElcxCrmEerq4-OoEJKZmpeSqJCSquBYVJJaDABjgEHiQQAAAA&#038;hl=es&#038;mat=CS1M-7UZxW4sElYB7PxHsUVe41a-2unu0999GyqYKd-EhayqJ-_AfP8vffq_Pg68ohhq538P3bFlp-FGxVJhN67C4oMOhaqCduQJH80EqUgpGyiqJ8lrZVLKm48RxaQdfg&#038;authuser=0\" target=\"_blank\" class=\"social_icons social_google\"><span class=\"icon-google\"><\/span><\/a><\/div><\/div><\/div><\/div><\/div>[\/vc_column][\/vc_row]<\/p>\n<\/div>","protected":false},"excerpt":{"rendered":"<p>[vc_row][vc_column][\/vc_column][\/vc_row][vc_row full_width=&#8221;stretch_row&#8221; inverse=&#8221;yes&#8221; css=&#8221;.vc_custom_1472051284817{padding-top: 4.9rem !important;padding-bottom: 6.2rem !important;background-color: #766055 !important;}&#8221; el_class=&#8221;main_bg3&#8243;][vc_column][\/vc_column][\/vc_row]<\/p>\n","protected":false},"author":1,"featured_media":0,"parent":0,"menu_order":0,"comment_status":"closed","ping_status":"closed","template":"","meta":{"_joinchat":[],"footnotes":""},"class_list":["post-175","page","type-page","status-publish","hentry"],"yoast_head":"<!-- This site is optimized with the Yoast SEO plugin v27.4 - https:\/\/yoast.com\/product\/yoast-seo-wordpress\/ -->\n<title>Artesanos\/as - Huella Tienda De Artes<\/title>\n<meta name=\"robots\" content=\"index, follow, max-snippet:-1, max-image-preview:large, max-video-preview:-1\" \/>\n<link rel=\"canonical\" href=\"https:\/\/www.huellatiendadeartes.com\/index.php\/our-services\/\" \/>\n<meta property=\"og:locale\" content=\"es_ES\" \/>\n<meta property=\"og:type\" content=\"article\" \/>\n<meta property=\"og:title\" content=\"Artesanos\/as - Huella Tienda De Artes\" \/>\n<meta property=\"og:description\" content=\"[vc_row][vc_column][\/vc_column][\/vc_row][vc_row full_width=&#8221;stretch_row&#8221; inverse=&#8221;yes&#8221; css=&#8221;.vc_custom_1472051284817{padding-top: 4.9rem !important;padding-bottom: 6.2rem !important;background-color: #766055 !important;}&#8221; el_class=&#8221;main_bg3&#8243;][vc_column][\/vc_column][\/vc_row]\" \/>\n<meta property=\"og:url\" content=\"https:\/\/www.huellatiendadeartes.com\/index.php\/our-services\/\" \/>\n<meta property=\"og:site_name\" content=\"Huella Tienda De Artes\" \/>\n<meta property=\"article:modified_time\" content=\"2024-02-29T12:24:13+00:00\" \/>\n<meta name=\"twitter:card\" content=\"summary_large_image\" \/>\n<meta name=\"twitter:label1\" content=\"Tiempo de lectura\" \/>\n\t<meta name=\"twitter:data1\" content=\"1 minuto\" \/>\n<script type=\"application\/ld+json\" class=\"yoast-schema-graph\">{\"@context\":\"https:\\\/\\\/schema.org\",\"@graph\":[{\"@type\":\"WebPage\",\"@id\":\"https:\\\/\\\/www.huellatiendadeartes.com\\\/index.php\\\/our-services\\\/\",\"url\":\"https:\\\/\\\/www.huellatiendadeartes.com\\\/index.php\\\/our-services\\\/\",\"name\":\"Artesanos\\\/as - Huella Tienda De Artes\",\"isPartOf\":{\"@id\":\"https:\\\/\\\/www.huellatiendadeartes.com\\\/#website\"},\"datePublished\":\"2016-08-05T11:07:47+00:00\",\"dateModified\":\"2024-02-29T12:24:13+00:00\",\"breadcrumb\":{\"@id\":\"https:\\\/\\\/www.huellatiendadeartes.com\\\/index.php\\\/our-services\\\/#breadcrumb\"},\"inLanguage\":\"es\",\"potentialAction\":[{\"@type\":\"ReadAction\",\"target\":[\"https:\\\/\\\/www.huellatiendadeartes.com\\\/index.php\\\/our-services\\\/\"]}]},{\"@type\":\"BreadcrumbList\",\"@id\":\"https:\\\/\\\/www.huellatiendadeartes.com\\\/index.php\\\/our-services\\\/#breadcrumb\",\"itemListElement\":[{\"@type\":\"ListItem\",\"position\":1,\"name\":\"Portada\",\"item\":\"http:\\\/\\\/www.huellatiendadeartes.com\\\/\"},{\"@type\":\"ListItem\",\"position\":2,\"name\":\"Artesanos\\\/as\"}]},{\"@type\":\"WebSite\",\"@id\":\"https:\\\/\\\/www.huellatiendadeartes.com\\\/#website\",\"url\":\"https:\\\/\\\/www.huellatiendadeartes.com\\\/\",\"name\":\"Huella Tienda De Artes\",\"description\":\"\",\"potentialAction\":[{\"@type\":\"SearchAction\",\"target\":{\"@type\":\"EntryPoint\",\"urlTemplate\":\"https:\\\/\\\/www.huellatiendadeartes.com\\\/?s={search_term_string}\"},\"query-input\":{\"@type\":\"PropertyValueSpecification\",\"valueRequired\":true,\"valueName\":\"search_term_string\"}}],\"inLanguage\":\"es\"}]}<\/script>\n<!-- \/ Yoast SEO plugin. -->","yoast_head_json":{"title":"Artesanos\/as - Huella Tienda De Artes","robots":{"index":"index","follow":"follow","max-snippet":"max-snippet:-1","max-image-preview":"max-image-preview:large","max-video-preview":"max-video-preview:-1"},"canonical":"https:\/\/www.huellatiendadeartes.com\/index.php\/our-services\/","og_locale":"es_ES","og_type":"article","og_title":"Artesanos\/as - Huella Tienda De Artes","og_description":"[vc_row][vc_column][\/vc_column][\/vc_row][vc_row full_width=&#8221;stretch_row&#8221; inverse=&#8221;yes&#8221; css=&#8221;.vc_custom_1472051284817{padding-top: 4.9rem !important;padding-bottom: 6.2rem !important;background-color: #766055 !important;}&#8221; el_class=&#8221;main_bg3&#8243;][vc_column][\/vc_column][\/vc_row]","og_url":"https:\/\/www.huellatiendadeartes.com\/index.php\/our-services\/","og_site_name":"Huella Tienda De Artes","article_modified_time":"2024-02-29T12:24:13+00:00","twitter_card":"summary_large_image","twitter_misc":{"Tiempo de lectura":"1 minuto"},"schema":{"@context":"https:\/\/schema.org","@graph":[{"@type":"WebPage","@id":"https:\/\/www.huellatiendadeartes.com\/index.php\/our-services\/","url":"https:\/\/www.huellatiendadeartes.com\/index.php\/our-services\/","name":"Artesanos\/as - Huella Tienda De Artes","isPartOf":{"@id":"https:\/\/www.huellatiendadeartes.com\/#website"},"datePublished":"2016-08-05T11:07:47+00:00","dateModified":"2024-02-29T12:24:13+00:00","breadcrumb":{"@id":"https:\/\/www.huellatiendadeartes.com\/index.php\/our-services\/#breadcrumb"},"inLanguage":"es","potentialAction":[{"@type":"ReadAction","target":["https:\/\/www.huellatiendadeartes.com\/index.php\/our-services\/"]}]},{"@type":"BreadcrumbList","@id":"https:\/\/www.huellatiendadeartes.com\/index.php\/our-services\/#breadcrumb","itemListElement":[{"@type":"ListItem","position":1,"name":"Portada","item":"http:\/\/www.huellatiendadeartes.com\/"},{"@type":"ListItem","position":2,"name":"Artesanos\/as"}]},{"@type":"WebSite","@id":"https:\/\/www.huellatiendadeartes.com\/#website","url":"https:\/\/www.huellatiendadeartes.com\/","name":"Huella Tienda De Artes","description":"","potentialAction":[{"@type":"SearchAction","target":{"@type":"EntryPoint","urlTemplate":"https:\/\/www.huellatiendadeartes.com\/?s={search_term_string}"},"query-input":{"@type":"PropertyValueSpecification","valueRequired":true,"valueName":"search_term_string"}}],"inLanguage":"es"}]}},"_links":{"self":[{"href":"http:\/\/www.huellatiendadeartes.com\/index.php\/wp-json\/wp\/v2\/pages\/175","targetHints":{"allow":["GET"]}}],"collection":[{"href":"http:\/\/www.huellatiendadeartes.com\/index.php\/wp-json\/wp\/v2\/pages"}],"about":[{"href":"http:\/\/www.huellatiendadeartes.com\/index.php\/wp-json\/wp\/v2\/types\/page"}],"author":[{"embeddable":true,"href":"http:\/\/www.huellatiendadeartes.com\/index.php\/wp-json\/wp\/v2\/users\/1"}],"replies":[{"embeddable":true,"href":"http:\/\/www.huellatiendadeartes.com\/index.php\/wp-json\/wp\/v2\/comments?post=175"}],"version-history":[{"count":6,"href":"http:\/\/www.huellatiendadeartes.com\/index.php\/wp-json\/wp\/v2\/pages\/175\/revisions"}],"predecessor-version":[{"id":801,"href":"http:\/\/www.huellatiendadeartes.com\/index.php\/wp-json\/wp\/v2\/pages\/175\/revisions\/801"}],"wp:attachment":[{"href":"http:\/\/www.huellatiendadeartes.com\/index.php\/wp-json\/wp\/v2\/media?parent=175"}],"curies":[{"name":"wp","href":"https:\/\/api.w.org\/{rel}","templated":true}]}}